{"id":287,"date":"2024-03-17T23:44:22","date_gmt":"2024-03-17T22:44:22","guid":{"rendered":"https:\/\/themingjueicians.com\/?page_id=287"},"modified":"2024-09-22T01:12:01","modified_gmt":"2024-09-21T23:12:01","slug":"meditacion-guiada-xu-yin","status":"publish","type":"page","link":"https:\/\/themingjueicians.com\/index.php\/meditacion-guiada-xu-yin\/","title":{"rendered":"Xu Yin Meditaci\u00f3n Guiada"},"content":{"rendered":"\t\t<div data-elementor-type=\"wp-page\" data-elementor-id=\"287\" class=\"elementor elementor-287\">\n\t\t\t\t<div class=\"elementor-element elementor-element-e3413e0 e-flex e-con-boxed e-con e-parent\" data-id=\"e3413e0\" data-element_type=\"container\">\n\t\t\t\t\t<div class=\"e-con-inner\">\n\t\t\t\t<div class=\"elementor-element elementor-element-ee1c9a8 elementor-widget elementor-widget-text-editor\" data-id=\"ee1c9a8\" data-element_type=\"widget\" data-widget_type=\"text-editor.default\">\n\t\t\t\t<div class=\"elementor-widget-container\">\n\t\t\t<style>\/*! elementor - v3.22.0 - 16-06-2024 *\/\n.elementor-widget-text-editor.elementor-drop-cap-view-stacked .elementor-drop-cap{background-color:#69727d;color:#fff}.elementor-widget-text-editor.elementor-drop-cap-view-framed .elementor-drop-cap{color:#69727d;border:3px solid;background-color:transparent}.elementor-widget-text-editor:not(.elementor-drop-cap-view-default) .elementor-drop-cap{margin-top:8px}.elementor-widget-text-editor:not(.elementor-drop-cap-view-default) .elementor-drop-cap-letter{width:1em;height:1em}.elementor-widget-text-editor .elementor-drop-cap{float:left;text-align:center;line-height:1;font-size:50px}.elementor-widget-text-editor .elementor-drop-cap-letter{display:inline-block}<\/style>\t\t\t\t<div class=\"tralbumData tralbum-about\"><p>Inspirada en una de mis meditaciones favoritas, guiada por el maestro Wei Qifeng, llamada originalmente &#8220;Pure and Calm Heart&#8221; en la web DaoHearts.<\/p><p>Con la amable autorizaci\u00f3n de Teacher Wei y su claro mensaje de que la compartamos por doquier, con mucho amor ponemos en el campo la meditaci\u00f3n e informaci\u00f3n Xu Yin. Hemos utilizado partes de su meditaci\u00f3n y a\u00f1adido con profundo cari\u00f1o nuestra m\u00fasica.<\/p><p>En esta ocasi\u00f3n y para la comunidad de habla hispana, hemos traducido y puesto voz en espa\u00f1ol a este album, que consta de la meditaci\u00f3n en s\u00ed y otra pista llamada &#8220;Xu Yin Memories of Eternity&#8221; \u00a0con \u00fanicamente la m\u00fasica y sonidos con la voz de teacher Wei por si la quieres utilizar en tu casa, \u00e1rea de trabajo, consulta, sala de terapia o d\u00f3nde y cu\u00e1ndo te resulte inspiradora.<\/p><p>Esperamos que la disfrutes y conectes profundamente con el campo de Qi con los sonidos &#8220;Xu Yin&#8221; para as\u00ed desarrollar en mayor medida tus habilidades paranormales.<\/p><p>Hao la!<br \/>HYLT<\/p><\/div>\t\t\t\t\t\t<\/div>\n\t\t\t\t<\/div>\n\t\t\t\t\t<\/div>\n\t\t\t\t<\/div>\n\t\t<div class=\"elementor-element elementor-element-b17946b e-flex e-con-boxed e-con e-parent\" data-id=\"b17946b\" data-element_type=\"container\">\n\t\t\t\t\t<div class=\"e-con-inner\">\n\t\t\t\t<div class=\"elementor-element elementor-element-b7f10da elementor-widget elementor-widget-text-editor\" data-id=\"b7f10da\" data-element_type=\"widget\" data-widget_type=\"text-editor.default\">\n\t\t\t\t<div class=\"elementor-widget-container\">\n\t\t\t\t\t\t\t<p><iframe style=\"border: 0; width: 350px; height: 522px;\" src=\"https:\/\/bandcamp.com\/EmbeddedPlayer\/album=2355967612\/size=large\/bgcol=ffffff\/linkcol=0687f5\/transparent=true\/\" seamless=\"\"><a href=\"https:\/\/themingjueicians.bandcamp.com\/album\/xu-yin-meditaci-n-guiada\">Xu Yin Meditaci\u00f3n Guiada by Teacher Wei Qifeng &amp; The Mingjueicians<\/a><\/iframe><\/p>\t\t\t\t\t\t<\/div>\n\t\t\t\t<\/div>\n\t\t\t\t\t<\/div>\n\t\t\t\t<\/div>\n\t\t\t\t<\/div>\n\t\t","protected":false},"excerpt":{"rendered":"<p>Inspirada en una de mis meditaciones favoritas, guiada por el maestro Wei Qifeng, llamada originalmente &#8220;Pure and Calm Heart&#8221; en la web DaoHearts. Con la amable autorizaci\u00f3n de Teacher Wei y su claro mensaje de que la compartamos por doquier, con mucho amor ponemos en el campo la meditaci\u00f3n e informaci\u00f3n Xu Yin. Hemos utilizado [&hellip;]<\/p>\n","protected":false},"author":1,"featured_media":0,"parent":0,"menu_order":0,"comment_status":"closed","ping_status":"closed","template":"","meta":{"om_disable_all_campaigns":false,"_monsterinsights_skip_tracking":false,"_monsterinsights_sitenote_active":false,"_monsterinsights_sitenote_note":"","_monsterinsights_sitenote_category":0,"footnotes":""},"class_list":["post-287","page","type-page","status-publish","hentry"],"aioseo_notices":[],"jetpack_sharing_enabled":true,"_links":{"self":[{"href":"https:\/\/themingjueicians.com\/index.php\/wp-json\/wp\/v2\/pages\/287","targetHints":{"allow":["GET"]}}],"collection":[{"href":"https:\/\/themingjueicians.com\/index.php\/wp-json\/wp\/v2\/pages"}],"about":[{"href":"https:\/\/themingjueicians.com\/index.php\/wp-json\/wp\/v2\/types\/page"}],"author":[{"embeddable":true,"href":"https:\/\/themingjueicians.com\/index.php\/wp-json\/wp\/v2\/users\/1"}],"replies":[{"embeddable":true,"href":"https:\/\/themingjueicians.com\/index.php\/wp-json\/wp\/v2\/comments?post=287"}],"version-history":[{"count":48,"href":"https:\/\/themingjueicians.com\/index.php\/wp-json\/wp\/v2\/pages\/287\/revisions"}],"predecessor-version":[{"id":358,"href":"https:\/\/themingjueicians.com\/index.php\/wp-json\/wp\/v2\/pages\/287\/revisions\/358"}],"wp:attachment":[{"href":"https:\/\/themingjueicians.com\/index.php\/wp-json\/wp\/v2\/media?parent=287"}],"curies":[{"name":"wp","href":"https:\/\/api.w.org\/{rel}","templated":true}]}}