{"id":103,"date":"2024-01-06T17:00:49","date_gmt":"2024-01-06T16:00:49","guid":{"rendered":"https:\/\/themingjueicians.com\/?page_id=103"},"modified":"2024-06-16T10:45:05","modified_gmt":"2024-06-16T08:45:05","slug":"musica-y-meditaciones-guiadas","status":"publish","type":"page","link":"https:\/\/themingjueicians.com\/index.php\/musica-y-meditaciones-guiadas\/","title":{"rendered":"M\u00fasica y meditaciones guiadas"},"content":{"rendered":"\t\t<div data-elementor-type=\"wp-page\" data-elementor-id=\"103\" class=\"elementor elementor-103\">\n\t\t\t\t<div class=\"elementor-element elementor-element-c733adc e-flex e-con-boxed e-con e-parent\" data-id=\"c733adc\" data-element_type=\"container\">\n\t\t\t\t\t<div class=\"e-con-inner\">\n\t\t\t\t<div class=\"elementor-element elementor-element-3b71fc8 elementor-widget elementor-widget-image\" data-id=\"3b71fc8\" data-element_type=\"widget\" data-widget_type=\"image.default\">\n\t\t\t\t<div class=\"elementor-widget-container\">\n\t\t\t<style>\/*! elementor - v3.22.0 - 16-06-2024 *\/\n.elementor-widget-image{text-align:center}.elementor-widget-image a{display:inline-block}.elementor-widget-image a img[src$=\".svg\"]{width:48px}.elementor-widget-image img{vertical-align:middle;display:inline-block}<\/style>\t\t\t\t\t\t\t\t\t\t<img fetchpriority=\"high\" decoding=\"async\" width=\"1920\" height=\"841\" src=\"https:\/\/i0.wp.com\/themingjueicians.com\/wp-content\/uploads\/2024\/01\/ming_Logo_grande_02.jpg?fit=1920%2C841&amp;ssl=1\" class=\"attachment-full size-full wp-image-51\" alt=\"\" srcset=\"https:\/\/i0.wp.com\/themingjueicians.com\/wp-content\/uploads\/2024\/01\/ming_Logo_grande_02.jpg?w=1920&amp;ssl=1 1920w, https:\/\/i0.wp.com\/themingjueicians.com\/wp-content\/uploads\/2024\/01\/ming_Logo_grande_02.jpg?resize=300%2C131&amp;ssl=1 300w, https:\/\/i0.wp.com\/themingjueicians.com\/wp-content\/uploads\/2024\/01\/ming_Logo_grande_02.jpg?resize=1024%2C449&amp;ssl=1 1024w, https:\/\/i0.wp.com\/themingjueicians.com\/wp-content\/uploads\/2024\/01\/ming_Logo_grande_02.jpg?resize=768%2C336&amp;ssl=1 768w, https:\/\/i0.wp.com\/themingjueicians.com\/wp-content\/uploads\/2024\/01\/ming_Logo_grande_02.jpg?resize=1536%2C673&amp;ssl=1 1536w, https:\/\/i0.wp.com\/themingjueicians.com\/wp-content\/uploads\/2024\/01\/ming_Logo_grande_02.jpg?w=1600 1600w\" sizes=\"(max-width: 800px) 100vw, 800px\" \/>\t\t\t\t\t\t\t\t\t\t\t\t\t<\/div>\n\t\t\t\t<\/div>\n\t\t\t\t<div class=\"elementor-element elementor-element-45c7392 elementor-widget elementor-widget-text-editor\" data-id=\"45c7392\" data-element_type=\"widget\" data-widget_type=\"text-editor.default\">\n\t\t\t\t<div class=\"elementor-widget-container\">\n\t\t\t<style>\/*! elementor - v3.22.0 - 16-06-2024 *\/\n.elementor-widget-text-editor.elementor-drop-cap-view-stacked .elementor-drop-cap{background-color:#69727d;color:#fff}.elementor-widget-text-editor.elementor-drop-cap-view-framed .elementor-drop-cap{color:#69727d;border:3px solid;background-color:transparent}.elementor-widget-text-editor:not(.elementor-drop-cap-view-default) .elementor-drop-cap{margin-top:8px}.elementor-widget-text-editor:not(.elementor-drop-cap-view-default) .elementor-drop-cap-letter{width:1em;height:1em}.elementor-widget-text-editor .elementor-drop-cap{float:left;text-align:center;line-height:1;font-size:50px}.elementor-widget-text-editor .elementor-drop-cap-letter{display:inline-block}<\/style>\t\t\t\t<p><span style=\"text-align: var(--text-align); font-size: 1rem;\">The Mingjueicians es un proyecto de m\u00fasica y meditaciones. Est\u00e1 formado por Montse Soto Suarez y PJ Wassermann, crean y trabajan juntos en el estudio, producci\u00f3n y promoci\u00f3n.<\/span><\/p><p>El proyecto y nombre del mismo tiene su cuna en <a href=\"https:\/\/www.daohearts.com\">The World Consciousness Community<\/a>, una comunidad donde la pr\u00e1ctica central es desarrollar la conciencia pura &#8221;\u00a0<a href=\"https:\/\/www.daohearts.com\/mingjue-for-beginners\/\">Mingjue<\/a>\u00a0&#8221; basada en los m\u00e9todos de\u00a0Zhineng Qigong\u00a0.\u00a0Los practicantes conectanmos coraz\u00f3n a coraz\u00f3n para construir el campo de conciencia mundial Mingjue.\u00a0<\/p><p>La comunidad est\u00e1 organizada y apoyada conjuntamente por Teacher Wei y numerosos organizadores internacionales.<span class=\"Apple-converted-space\">\u00a0<\/span><\/p><p><a href=\"https:\/\/zhinengmingjue.com\/zhineng-qigong\/wei-qifeng\/\">Wei Qifeng<\/a> es el fundador, director y maestro de The World Consciousness Community, se enfoca en ense\u00f1ar y liderar la comunidad.<\/p><p>Montse, conoci\u00f3 el Zhineng Qigong asistiendo a un retiro presencial guiado por el maestro Wei Qifeng en 2019, integrante de la comunidad desde el nacer de Mingjue gongfu, obtuvo su certificado de profesora<span class=\"Apple-converted-space\">\u00a0 <\/span>de Mingjue gongfu en el a\u00f1o 2021, ademas del certificado de coach del Instituto HeartMath (la matem\u00e1tica del coraz\u00f3n) in 2019 y ha sido voluntaria en retiros del Dr. Joe Dispenza.<span class=\"Apple-converted-space\">\u00a0<\/span><\/p><p>La compositora es tambien autora de un podcast cuenta cuentos para ni\u00f1os llamado &#8220;<a href=\"https:\/\/www.ivoox.com\/podcast-nnnninas-mingjue_sq_f11901526_1.html\">Las Nnnni\u00f1as Mingjue<\/a>&#8221; donde encontramos publicado el primer cap\u00edtulo.<\/p><p>Pero sobre todo, meditadora y participante de The World Consciousness Community, junto con la important\u00edsima labor de su compa\u00f1ero PJ Wassermann empiezan este proyecto para poner m\u00fasica y meditaciones a la comunidad, \u00a0a cantos como Los 8 Versos y a meditaciones propias, as\u00ed como componer m\u00fasica para sanaci\u00f3n, relajaci\u00f3n y conexi\u00f3n con tu interior.<\/p><p>PJ y Montse lideran tambi\u00e9n un proyecto de musica de baile, house, llamado <a href=\"https:\/\/seethestars.dance\">See the Stars<\/a>\u00a0donde Su principal tema habla de la filosof\u00eda Ubuntu, para mejorar la humanidad y con esp\u00edritu positivo hacia el futuro del planeta, el tema se titula &#8220;Somos Ubuntu&#8221;. Por su lado <a href=\"https:\/\/pjwassermann.com\/\">PJ Wassermann<\/a>, durante d\u00e9cadas enriquece el mundo musical con diferentes y variados estilos propios.<\/p><p>The Mingjueicians agradecemos aqu\u00ed, desde lo mas profundo de nuestros corazones a todos los integrantes de la comunidad y especialmente a An Yu\u00e9, como organizadora, cantante, profesora, compa\u00f1era siempre dedicada y amorosa, y una presencia esencial en la comunidad. Y muy muy especialmente a la vida, por darnos esta bella oportunidad y regalarnos la presencia, sabidur\u00eda, humildad y ejemplo de vivir y ense\u00f1ar desde el \u201cno ego\u201d, desde el amor incondicional de nuestro gu\u00eda y maestro Wei.<\/p><p>\u00a1Gracias Teacher Wei! \u00a1Gracias comunidad mingjue!<span class=\"Apple-converted-space\">\u00a0\u00a0<\/span>\u00a1Hao la! Y mucho mingjue Amor para la humanidad y la vida en el planeta. Sin todos vosotros esto no habr\u00eda sido posible. Hun Yuan Ling Tong!<\/p>\t\t\t\t\t\t<\/div>\n\t\t\t\t<\/div>\n\t\t\t\t<div class=\"elementor-element elementor-element-b6763e6 elementor-widget elementor-widget-heading\" data-id=\"b6763e6\" data-element_type=\"widget\" data-widget_type=\"heading.default\">\n\t\t\t\t<div class=\"elementor-widget-container\">\n\t\t\t<style>\/*! elementor - v3.22.0 - 16-06-2024 *\/\n.elementor-heading-title{padding:0;margin:0;line-height:1}.elementor-widget-heading .elementor-heading-title[class*=elementor-size-]>a{color:inherit;font-size:inherit;line-height:inherit}.elementor-widget-heading .elementor-heading-title.elementor-size-small{font-size:15px}.elementor-widget-heading .elementor-heading-title.elementor-size-medium{font-size:19px}.elementor-widget-heading .elementor-heading-title.elementor-size-large{font-size:29px}.elementor-widget-heading .elementor-heading-title.elementor-size-xl{font-size:39px}.elementor-widget-heading .elementor-heading-title.elementor-size-xxl{font-size:59px}<\/style><h2 class=\"elementor-heading-title elementor-size-default\">Los Ocho Versos. \u00a1Ya con nosotros!<\/h2>\t\t<\/div>\n\t\t\t\t<\/div>\n\t\t\t\t<div class=\"elementor-element elementor-element-a479d9f elementor-widget elementor-widget-shortcode\" data-id=\"a479d9f\" data-element_type=\"widget\" data-widget_type=\"shortcode.default\">\n\t\t\t\t<div class=\"elementor-widget-container\">\n\t\t\t\t\t<div class=\"elementor-shortcode\"><iframe style=\"border: 0; width: 350px; height: 522px;\" src=\"https:\/\/bandcamp.com\/EmbeddedPlayer\/album=1233310269\/size=large\/bgcol=ffffff\/linkcol=0687f5\/transparent=true\/\" seamless><a href=\"https:\/\/themingjueicians.bandcamp.com\/album\/the-eight-verses\">The Eight Verses by The Mingjueicians (vocals by An Yu\u00e8)<\/a><\/iframe><\/div>\n\t\t\t\t<\/div>\n\t\t\t\t<\/div>\n\t\t\t\t\t<\/div>\n\t\t\t\t<\/div>\n\t\t<div class=\"elementor-element elementor-element-61de6a8 e-flex e-con-boxed e-con e-parent\" data-id=\"61de6a8\" data-element_type=\"container\">\n\t\t\t\t\t<div class=\"e-con-inner\">\n\t\t\t\t<div class=\"elementor-element elementor-element-88c2de6 elementor-widget elementor-widget-text-editor\" data-id=\"88c2de6\" data-element_type=\"widget\" data-widget_type=\"text-editor.default\">\n\t\t\t\t<div class=\"elementor-widget-container\">\n\t\t\t\t\t\t\t<p><span style=\"text-decoration: underline;\"><em>Los ocho versos u ocho frases<\/em><\/span> del Zhineng Qigong fueron creados por el Dr. Pang.<\/p><p>Los ocho versos sirven principalmente para organizar un campo de qi. <span class=\"\">Cada verso tiene un significado especial y lleva al practicante al estado de qigong antes de comenzar la pr\u00e1ctica. <\/span>A trav\u00e9s de la visualizaci\u00f3n, el qi se concentra en el ambiente. Cuanto m\u00e1s profundo est\u00e9 un practicante en el estado de qigong, m\u00e1s fuerte ser\u00e1 el efecto del ejercicio de qigong. Los ocho versos tambi\u00e9n son adecuados como mantra independiente.<\/p><p>\u00a0<\/p><p align=\"left\">\u9876\u5929\u7acb\u5730 ding tian li di \u00a0 \u00a0 \u00a0\u2013 La cabeza se expande hacia el cielo azul, los pies hacia la tierra.<\/p><p align=\"left\">\u5f62\u677e\u610f\u5145 xing song yi chong \u00a0\u2013 El cuerpo se relaja, la mente se expande.<\/p><p align=\"left\">\u5916\u656c\u5185\u9759 wai jing nei jing \u00a0 \u00a0 \u00a0\u2013 Respeto a todo. Serenidad por dentro. Silencio.<\/p><p align=\"left\"><span class=\"\">\u5fc3\u6f84\u8c8c\u606d xin cheng mao gong \u00a0\u2013 Conecta con tu coraz\u00f3n puro.\u00a0<\/span><span class=\"\">La mente se aclara, la apariencia es humilde.<\/span><\/p><p align=\"left\">\u4e00\u5ff5\u4e0d\u8d77 yi nian bu qi \u00a0 \u00a0 \u00a0\u2013 Los pensamientos se aquietan, estamos enfocados.<\/p><p align=\"left\">\u795e\u6ce8\u592a\u7a7a shen zhu tai kong \u00a0 \u2013 La conciencia se expande y se funde con el Q\u00ec puro universal.<\/p><p align=\"left\">\u795e\u610f\u7167\u4f53 shen yi zhao ti \u00a0 \u00a0\u2013 La conciencia retorna al interior e ilumina todo el cuerpo.<\/p><p align=\"left\">\u5468\u8eab\u878d\u878d zhou shen rong rong \u00a0\u2013 Todo el cuerpo est\u00e1 en armon\u00eda con el universo, todo el cuerpo est\u00e1 en armon\u00eda \u00a0 \u00a0 \u00a0 \u00a0 \u00a0 \u00a0 \u00a0 \u00a0 \u00a0 \u00a0 \u00a0 \u00a0 \u00a0 \u00a0 \u00a0 \u00a0 \u00a0 \u00a0 \u00a0 \u00a0 \u00a0 \u00a0 \u00a0 \u00a0 \u00a0 \u00a0 \u00a0 \u00a0 \u00a0 \u00a0 \u00a0 \u00a0 \u00a0 \u00a0 \u00a0 \u00a0 \u00a0 \u00a0 \u00a0 \u00a0 con Hun Yuan Q\u00ec original.<\/p><p align=\"left\">\u00a0<\/p>\t\t\t\t\t\t<\/div>\n\t\t\t\t<\/div>\n\t\t\t\t\t<\/div>\n\t\t\t\t<\/div>\n\t\t\t\t<\/div>\n\t\t","protected":false},"excerpt":{"rendered":"<p>The Mingjueicians es un proyecto de m\u00fasica y meditaciones. Est\u00e1 formado por Montse Soto Suarez y PJ Wassermann, crean y trabajan juntos en el estudio, producci\u00f3n y promoci\u00f3n. El proyecto y nombre del mismo tiene su cuna en The World Consciousness Community, una comunidad donde la pr\u00e1ctica central es desarrollar la conciencia pura &#8221;\u00a0Mingjue\u00a0&#8221; basada [&hellip;]<\/p>\n","protected":false},"author":1,"featured_media":0,"parent":0,"menu_order":0,"comment_status":"closed","ping_status":"closed","template":"","meta":{"om_disable_all_campaigns":false,"_monsterinsights_skip_tracking":false,"_monsterinsights_sitenote_active":false,"_monsterinsights_sitenote_note":"","_monsterinsights_sitenote_category":0,"footnotes":""},"class_list":["post-103","page","type-page","status-publish","hentry"],"aioseo_notices":[],"jetpack_sharing_enabled":true,"_links":{"self":[{"href":"https:\/\/themingjueicians.com\/index.php\/wp-json\/wp\/v2\/pages\/103","targetHints":{"allow":["GET"]}}],"collection":[{"href":"https:\/\/themingjueicians.com\/index.php\/wp-json\/wp\/v2\/pages"}],"about":[{"href":"https:\/\/themingjueicians.com\/index.php\/wp-json\/wp\/v2\/types\/page"}],"author":[{"embeddable":true,"href":"https:\/\/themingjueicians.com\/index.php\/wp-json\/wp\/v2\/users\/1"}],"replies":[{"embeddable":true,"href":"https:\/\/themingjueicians.com\/index.php\/wp-json\/wp\/v2\/comments?post=103"}],"version-history":[{"count":64,"href":"https:\/\/themingjueicians.com\/index.php\/wp-json\/wp\/v2\/pages\/103\/revisions"}],"predecessor-version":[{"id":345,"href":"https:\/\/themingjueicians.com\/index.php\/wp-json\/wp\/v2\/pages\/103\/revisions\/345"}],"wp:attachment":[{"href":"https:\/\/themingjueicians.com\/index.php\/wp-json\/wp\/v2\/media?parent=103"}],"curies":[{"name":"wp","href":"https:\/\/api.w.org\/{rel}","templated":true}]}}